{"id":3187,"date":"2023-10-19T11:06:29","date_gmt":"2023-10-19T11:06:29","guid":{"rendered":"https:\/\/drei8.de\/solarus\/?page_id=3187"},"modified":"2023-10-19T11:55:01","modified_gmt":"2023-10-19T11:55:01","slug":"unsere-projekte","status":"publish","type":"page","link":"https:\/\/drei8.de\/solarus\/de\/unsere-projekte\/","title":{"rendered":"UNSERE PROJEKTE"},"content":{"rendered":"\t\t<div data-elementor-type=\"wp-page\" data-elementor-id=\"3187\" class=\"elementor elementor-3187\" data-elementor-settings=\"[]\">\n\t\t\t\t\t\t<div class=\"elementor-inner\">\n\t\t\t\t\t\t\t<div class=\"elementor-section-wrap\">\n\t\t\t\t\t\t\t<section class=\"elementor-section elementor-top-section elementor-element elementor-element-72e09e06 elementor-section-boxed elementor-section-height-default elementor-section-height-default\" data-id=\"72e09e06\" data-element_type=\"section\">\n\t\t\t\t\t\t<div class=\"elementor-container elementor-column-gap-default\">\n\t\t\t\t\t\t\t<div class=\"elementor-row\">\n\t\t\t\t\t<div class=\"elementor-column elementor-col-100 elementor-top-column elementor-element elementor-element-66a656d\" data-id=\"66a656d\" data-element_type=\"column\">\n\t\t\t<div class=\"elementor-column-wrap elementor-element-populated\">\n\t\t\t\t\t\t\t<div class=\"elementor-widget-wrap\">\n\t\t\t\t\t\t<div class=\"elementor-element elementor-element-509a49f2 elementor-widget elementor-widget-spacer\" data-id=\"509a49f2\" data-element_type=\"widget\" data-widget_type=\"spacer.default\">\n\t\t\t\t<div class=\"elementor-widget-container\">\n\t\t\t\t\t<div class=\"elementor-spacer\">\n\t\t\t<div class=\"elementor-spacer-inner\"><\/div>\n\t\t<\/div>\n\t\t\t\t<\/div>\n\t\t\t\t<\/div>\n\t\t\t\t\t\t<\/div>\n\t\t\t\t\t<\/div>\n\t\t<\/div>\n\t\t\t\t\t\t\t\t<\/div>\n\t\t\t\t\t<\/div>\n\t\t<\/section>\n\t\t\t\t<section class=\"elementor-section elementor-top-section elementor-element elementor-element-416cc92 elementor-section-boxed elementor-section-height-default elementor-section-height-default\" data-id=\"416cc92\" data-element_type=\"section\">\n\t\t\t\t\t\t<div class=\"elementor-container elementor-column-gap-default\">\n\t\t\t\t\t\t\t<div class=\"elementor-row\">\n\t\t\t\t\t<div class=\"elementor-column elementor-col-100 elementor-top-column elementor-element elementor-element-4a45515e\" data-id=\"4a45515e\" data-element_type=\"column\">\n\t\t\t<div class=\"elementor-column-wrap elementor-element-populated\">\n\t\t\t\t\t\t\t<div class=\"elementor-widget-wrap\">\n\t\t\t\t\t\t<div class=\"elementor-element elementor-element-58eff876 divider_yes elementor-widget elementor-widget-wgl-double-headings\" data-id=\"58eff876\" data-element_type=\"widget\" data-widget_type=\"wgl-double-headings.default\">\n\t\t\t\t<div class=\"elementor-widget-container\">\n\t\t\t<div class=\"wgl-double_heading acenter\"><div class=\"dbl-subtitle\"><span>Ausgew\u00e4hlte Projekte<\/span><\/div>\t\t\t\t<h3 class=\"dbl-title_wrapper\"><span class=\"dbl-title dbl-title_1\">Unsere neuesten Photovoltaik-Projekte f\u00fcr Gewerbe \/ Industrie<\/span> \t\t\t\t<\/h3><span class=\"dbl-title dbl-bg_text\">Portfolio<\/span> \t\t<\/div>\t\t<\/div>\n\t\t\t\t<\/div>\n\t\t\t\t<div class=\"elementor-element elementor-element-6ea491d7 elementor-widget elementor-widget-text-editor\" data-id=\"6ea491d7\" data-element_type=\"widget\" data-widget_type=\"text-editor.default\">\n\t\t\t\t<div class=\"elementor-widget-container\">\n\t\t\t\t\t\t\t\t<div class=\"elementor-text-editor elementor-clearfix\">\n\t\t\t\t<p>SOLARUS ist einer der weltweit f\u00fchrenden Anbieter von Photovoltaikl\u00f6sungen.<br \/>Dar\u00fcber hinaus verf\u00fcgen wir \u00fcber umfangreiche Kompetenzen im Bereich Hybridl\u00f6sungen und -konstruktionen.<\/p>\t\t\t\t\t<\/div>\n\t\t\t\t\t\t<\/div>\n\t\t\t\t<\/div>\n\t\t\t\t<section class=\"elementor-section elementor-inner-section elementor-element elementor-element-5ca7e417 elementor-section-boxed elementor-section-height-default elementor-section-height-default\" data-id=\"5ca7e417\" data-element_type=\"section\">\n\t\t\t\t\t\t<div class=\"elementor-container elementor-column-gap-default\">\n\t\t\t\t\t\t\t<div class=\"elementor-row\">\n\t\t\t\t\t<div class=\"elementor-column elementor-col-33 elementor-inner-column elementor-element elementor-element-6addd6f9\" data-id=\"6addd6f9\" data-element_type=\"column\">\n\t\t\t<div class=\"elementor-column-wrap elementor-element-populated\">\n\t\t\t\t\t\t\t<div class=\"elementor-widget-wrap\">\n\t\t\t\t\t\t<div class=\"elementor-element elementor-element-67fe2a79 elementor-position-top elementor-vertical-align-top elementor-widget elementor-widget-image-box\" data-id=\"67fe2a79\" data-element_type=\"widget\" data-widget_type=\"image-box.default\">\n\t\t\t\t<div class=\"elementor-widget-container\">\n\t\t\t<div class=\"elementor-image-box-wrapper\"><figure class=\"elementor-image-box-img\"><a href=\"\/realizacje\/fotowoltaika-dla-domu\/\"><img decoding=\"async\" loading=\"lazy\" width=\"768\" height=\"576\" src=\"https:\/\/drei8.de\/solarus\/wp-content\/uploads\/2023\/10\/1-768x576.jpg\" class=\"attachment-medium_large size-medium_large\" alt=\"\" \/><\/a><\/figure><div class=\"elementor-image-box-content\"><h5 class=\"elementor-image-box-title\"><a href=\"\/realizacje\/fotowoltaika-dla-domu\/\">Photovoltaik f\u00fcr zu Hause<\/a><\/h5><\/div><\/div>\t\t<\/div>\n\t\t\t\t<\/div>\n\t\t\t\t<div class=\"elementor-element elementor-element-3ec9adb3 elementor-align-center elementor-widget elementor-widget-wgl-button\" data-id=\"3ec9adb3\" data-element_type=\"widget\" data-widget_type=\"wgl-button.default\">\n\t\t\t\t<div class=\"elementor-widget-container\">\n\t\t\t\t\t<div class=\"elementor-button-wrapper elementor-button-icon\">\n\t\t\t<a class=\"elementor-button-link wgl-button elementor-button button-size-md\" href=\"\/solarus\/de\/photovoltaik-fuer-zu-hause\/\" role=\"button\">\t\t\t\t<div class=\"button-content-wrapper \">\n\t\t\t\t\t\t\t\t\t\t<span class=\"elementor-button-text\">Siehe<\/span>\n\t\t\t\t<\/div>\n\t\t\t\t<\/a>\n\t\t<\/div>\n\t\t\t\t<\/div>\n\t\t\t\t<\/div>\n\t\t\t\t\t\t<\/div>\n\t\t\t\t\t<\/div>\n\t\t<\/div>\n\t\t\t\t<div class=\"elementor-column elementor-col-33 elementor-inner-column elementor-element elementor-element-3c770f04\" data-id=\"3c770f04\" data-element_type=\"column\">\n\t\t\t<div class=\"elementor-column-wrap elementor-element-populated\">\n\t\t\t\t\t\t\t<div class=\"elementor-widget-wrap\">\n\t\t\t\t\t\t<div class=\"elementor-element elementor-element-12214a96 elementor-position-top elementor-vertical-align-top elementor-widget elementor-widget-image-box\" data-id=\"12214a96\" data-element_type=\"widget\" data-widget_type=\"image-box.default\">\n\t\t\t\t<div class=\"elementor-widget-container\">\n\t\t\t<div class=\"elementor-image-box-wrapper\"><figure class=\"elementor-image-box-img\"><a href=\"\/realizacje\/fotowoltaika-dla-firm-przemyslu\/\"><img decoding=\"async\" loading=\"lazy\" width=\"768\" height=\"576\" src=\"https:\/\/drei8.de\/solarus\/wp-content\/uploads\/2023\/10\/IMG_3005-002-\u2014-kopia-768x576.jpg\" class=\"attachment-medium_large size-medium_large\" alt=\"\" \/><\/a><\/figure><div class=\"elementor-image-box-content\"><h5 class=\"elementor-image-box-title\"><a href=\"\/realizacje\/fotowoltaika-dla-firm-przemyslu\/\">Photovoltaik f\u00fcr Unternehmen \/ Industrie<\/a><\/h5><\/div><\/div>\t\t<\/div>\n\t\t\t\t<\/div>\n\t\t\t\t<div class=\"elementor-element elementor-element-2e25f150 elementor-align-center elementor-widget elementor-widget-wgl-button\" data-id=\"2e25f150\" data-element_type=\"widget\" data-widget_type=\"wgl-button.default\">\n\t\t\t\t<div class=\"elementor-widget-container\">\n\t\t\t\t\t<div class=\"elementor-button-wrapper elementor-button-icon\">\n\t\t\t<a class=\"elementor-button-link wgl-button elementor-button button-size-md\" href=\"\/solarus\/de\/photovoltaik-fur-unternehmen-industrie\/\" role=\"button\">\t\t\t\t<div class=\"button-content-wrapper \">\n\t\t\t\t\t\t\t\t\t\t<span class=\"elementor-button-text\">Siehe<\/span>\n\t\t\t\t<\/div>\n\t\t\t\t<\/a>\n\t\t<\/div>\n\t\t\t\t<\/div>\n\t\t\t\t<\/div>\n\t\t\t\t\t\t<\/div>\n\t\t\t\t\t<\/div>\n\t\t<\/div>\n\t\t\t\t<div class=\"elementor-column elementor-col-33 elementor-inner-column elementor-element elementor-element-4ae699d3\" data-id=\"4ae699d3\" data-element_type=\"column\">\n\t\t\t<div class=\"elementor-column-wrap elementor-element-populated\">\n\t\t\t\t\t\t\t<div class=\"elementor-widget-wrap\">\n\t\t\t\t\t\t<div class=\"elementor-element elementor-element-6755cdad elementor-position-top elementor-vertical-align-top elementor-widget elementor-widget-image-box\" data-id=\"6755cdad\" data-element_type=\"widget\" data-widget_type=\"image-box.default\">\n\t\t\t\t<div class=\"elementor-widget-container\">\n\t\t\t<div class=\"elementor-image-box-wrapper\"><figure class=\"elementor-image-box-img\"><a href=\"\/realizacje\/fotowoltaika-dla-rolnictwa\/\"><img decoding=\"async\" loading=\"lazy\" width=\"768\" height=\"576\" src=\"https:\/\/drei8.de\/solarus\/wp-content\/uploads\/2023\/10\/20210318_094501-scaled-1-768x576.jpg\" class=\"attachment-medium_large size-medium_large\" alt=\"\" \/><\/a><\/figure><div class=\"elementor-image-box-content\"><h5 class=\"elementor-image-box-title\"><a href=\"\/realizacje\/fotowoltaika-dla-rolnictwa\/\">Photovoltaik f\u00fcr die Landwirtschaft<\/a><\/h5><\/div><\/div>\t\t<\/div>\n\t\t\t\t<\/div>\n\t\t\t\t<div class=\"elementor-element elementor-element-6f9a25b8 elementor-align-center elementor-widget elementor-widget-wgl-button\" data-id=\"6f9a25b8\" data-element_type=\"widget\" data-widget_type=\"wgl-button.default\">\n\t\t\t\t<div class=\"elementor-widget-container\">\n\t\t\t\t\t<div class=\"elementor-button-wrapper elementor-button-icon\">\n\t\t\t<a class=\"elementor-button-link wgl-button elementor-button button-size-md\" href=\"\/solarus\/de\/photovoltaik-fur-die-landwirtschaft\/\" role=\"button\">\t\t\t\t<div class=\"button-content-wrapper \">\n\t\t\t\t\t\t\t\t\t\t<span class=\"elementor-button-text\">Siehe<\/span>\n\t\t\t\t<\/div>\n\t\t\t\t<\/a>\n\t\t<\/div>\n\t\t\t\t<\/div>\n\t\t\t\t<\/div>\n\t\t\t\t\t\t<\/div>\n\t\t\t\t\t<\/div>\n\t\t<\/div>\n\t\t\t\t\t\t\t\t<\/div>\n\t\t\t\t\t<\/div>\n\t\t<\/section>\n\t\t\t\t\t\t<\/div>\n\t\t\t\t\t<\/div>\n\t\t<\/div>\n\t\t\t\t\t\t\t\t<\/div>\n\t\t\t\t\t<\/div>\n\t\t<\/section>\n\t\t\t\t\t\t<\/div>\n\t\t\t\t\t\t<\/div>\n\t\t\t\t\t<\/div>\n\t\t","protected":false},"excerpt":{"rendered":"<p>Ausgew\u00e4hlte Projekte Unsere neuesten Photovoltaik-Projekte f\u00fcr Gewerbe \/ Industrie Portfolio SOLARUS ist einer der weltweit f\u00fchrenden Anbieter von Photovoltaikl\u00f6sungen.Dar\u00fcber hinaus verf\u00fcgen wir \u00fcber umfangreiche Kompetenzen im Bereich Hybridl\u00f6sungen und -konstruktionen. Photovoltaik f\u00fcr zu Hause Siehe Photovoltaik f\u00fcr Unternehmen \/ Industrie Siehe Photovoltaik f\u00fcr die Landwirtschaft Siehe<\/p>\n","protected":false},"author":3,"featured_media":0,"parent":0,"menu_order":0,"comment_status":"closed","ping_status":"closed","template":"","meta":{"footnotes":""},"yoast_head":"<!-- This site is optimized with the Yoast SEO plugin v17.1 - https:\/\/yoast.com\/wordpress\/plugins\/seo\/ -->\n<title>UNSERE PROJEKTE - Drei8<\/title>\n<meta name=\"robots\" content=\"index, follow, max-snippet:-1, max-image-preview:large, max-video-preview:-1\" \/>\n<link rel=\"canonical\" href=\"https:\/\/drei8.de\/solarus\/de\/unsere-projekte\/\" \/>\n<meta property=\"og:locale\" content=\"pl_PL\" \/>\n<meta property=\"og:type\" content=\"article\" \/>\n<meta property=\"og:title\" content=\"UNSERE PROJEKTE - Drei8\" \/>\n<meta property=\"og:description\" content=\"Ausgew\u00e4hlte Projekte Unsere neuesten Photovoltaik-Projekte f\u00fcr Gewerbe \/ Industrie Portfolio SOLARUS ist einer der weltweit f\u00fchrenden Anbieter von Photovoltaikl\u00f6sungen.Dar\u00fcber hinaus verf\u00fcgen wir \u00fcber umfangreiche Kompetenzen im Bereich Hybridl\u00f6sungen und -konstruktionen. Photovoltaik f\u00fcr zu Hause Siehe Photovoltaik f\u00fcr Unternehmen \/ Industrie Siehe Photovoltaik f\u00fcr die Landwirtschaft Siehe\" \/>\n<meta property=\"og:url\" content=\"https:\/\/drei8.de\/solarus\/de\/unsere-projekte\/\" \/>\n<meta property=\"og:site_name\" content=\"Drei8\" \/>\n<meta property=\"article:modified_time\" content=\"2023-10-19T11:55:01+00:00\" \/>\n<meta property=\"og:image\" content=\"https:\/\/drei8.de\/solarus\/wp-content\/uploads\/2023\/10\/1-768x576.jpg\" \/>\n<meta name=\"twitter:card\" content=\"summary_large_image\" \/>\n<script type=\"application\/ld+json\" class=\"yoast-schema-graph\">{\"@context\":\"https:\/\/schema.org\",\"@graph\":[{\"@type\":\"WebSite\",\"@id\":\"https:\/\/drei8.de\/solarus\/#website\",\"url\":\"https:\/\/drei8.de\/solarus\/\",\"name\":\"Drei8\",\"description\":\"\",\"potentialAction\":[{\"@type\":\"SearchAction\",\"target\":{\"@type\":\"EntryPoint\",\"urlTemplate\":\"https:\/\/drei8.de\/solarus\/?s={search_term_string}\"},\"query-input\":\"required name=search_term_string\"}],\"inLanguage\":\"pl-PL\"},{\"@type\":\"ImageObject\",\"@id\":\"https:\/\/drei8.de\/solarus\/de\/unsere-projekte\/#primaryimage\",\"inLanguage\":\"pl-PL\",\"url\":\"https:\/\/drei8.de\/solarus\/wp-content\/uploads\/2023\/10\/1.jpg\",\"contentUrl\":\"https:\/\/drei8.de\/solarus\/wp-content\/uploads\/2023\/10\/1.jpg\",\"width\":1600,\"height\":1200},{\"@type\":\"WebPage\",\"@id\":\"https:\/\/drei8.de\/solarus\/de\/unsere-projekte\/#webpage\",\"url\":\"https:\/\/drei8.de\/solarus\/de\/unsere-projekte\/\",\"name\":\"UNSERE PROJEKTE - Drei8\",\"isPartOf\":{\"@id\":\"https:\/\/drei8.de\/solarus\/#website\"},\"primaryImageOfPage\":{\"@id\":\"https:\/\/drei8.de\/solarus\/de\/unsere-projekte\/#primaryimage\"},\"datePublished\":\"2023-10-19T11:06:29+00:00\",\"dateModified\":\"2023-10-19T11:55:01+00:00\",\"breadcrumb\":{\"@id\":\"https:\/\/drei8.de\/solarus\/de\/unsere-projekte\/#breadcrumb\"},\"inLanguage\":\"pl-PL\",\"potentialAction\":[{\"@type\":\"ReadAction\",\"target\":[\"https:\/\/drei8.de\/solarus\/de\/unsere-projekte\/\"]}]},{\"@type\":\"BreadcrumbList\",\"@id\":\"https:\/\/drei8.de\/solarus\/de\/unsere-projekte\/#breadcrumb\",\"itemListElement\":[{\"@type\":\"ListItem\",\"position\":1,\"name\":\"Strona g\\u0142\\u00f3wna\",\"item\":\"https:\/\/drei8.de\/solarus\/en\/\"},{\"@type\":\"ListItem\",\"position\":2,\"name\":\"UNSERE PROJEKTE\"}]}]}<\/script>\n<!-- \/ Yoast SEO plugin. -->","yoast_head_json":{"title":"UNSERE PROJEKTE - Drei8","robots":{"index":"index","follow":"follow","max-snippet":"max-snippet:-1","max-image-preview":"max-image-preview:large","max-video-preview":"max-video-preview:-1"},"canonical":"https:\/\/drei8.de\/solarus\/de\/unsere-projekte\/","og_locale":"pl_PL","og_type":"article","og_title":"UNSERE PROJEKTE - Drei8","og_description":"Ausgew\u00e4hlte Projekte Unsere neuesten Photovoltaik-Projekte f\u00fcr Gewerbe \/ Industrie Portfolio SOLARUS ist einer der weltweit f\u00fchrenden Anbieter von Photovoltaikl\u00f6sungen.Dar\u00fcber hinaus verf\u00fcgen wir \u00fcber umfangreiche Kompetenzen im Bereich Hybridl\u00f6sungen und -konstruktionen. Photovoltaik f\u00fcr zu Hause Siehe Photovoltaik f\u00fcr Unternehmen \/ Industrie Siehe Photovoltaik f\u00fcr die Landwirtschaft Siehe","og_url":"https:\/\/drei8.de\/solarus\/de\/unsere-projekte\/","og_site_name":"Drei8","article_modified_time":"2023-10-19T11:55:01+00:00","og_image":[{"url":"https:\/\/drei8.de\/solarus\/wp-content\/uploads\/2023\/10\/1-768x576.jpg"}],"twitter_card":"summary_large_image","schema":{"@context":"https:\/\/schema.org","@graph":[{"@type":"WebSite","@id":"https:\/\/drei8.de\/solarus\/#website","url":"https:\/\/drei8.de\/solarus\/","name":"Drei8","description":"","potentialAction":[{"@type":"SearchAction","target":{"@type":"EntryPoint","urlTemplate":"https:\/\/drei8.de\/solarus\/?s={search_term_string}"},"query-input":"required name=search_term_string"}],"inLanguage":"pl-PL"},{"@type":"ImageObject","@id":"https:\/\/drei8.de\/solarus\/de\/unsere-projekte\/#primaryimage","inLanguage":"pl-PL","url":"https:\/\/drei8.de\/solarus\/wp-content\/uploads\/2023\/10\/1.jpg","contentUrl":"https:\/\/drei8.de\/solarus\/wp-content\/uploads\/2023\/10\/1.jpg","width":1600,"height":1200},{"@type":"WebPage","@id":"https:\/\/drei8.de\/solarus\/de\/unsere-projekte\/#webpage","url":"https:\/\/drei8.de\/solarus\/de\/unsere-projekte\/","name":"UNSERE PROJEKTE - Drei8","isPartOf":{"@id":"https:\/\/drei8.de\/solarus\/#website"},"primaryImageOfPage":{"@id":"https:\/\/drei8.de\/solarus\/de\/unsere-projekte\/#primaryimage"},"datePublished":"2023-10-19T11:06:29+00:00","dateModified":"2023-10-19T11:55:01+00:00","breadcrumb":{"@id":"https:\/\/drei8.de\/solarus\/de\/unsere-projekte\/#breadcrumb"},"inLanguage":"pl-PL","potentialAction":[{"@type":"ReadAction","target":["https:\/\/drei8.de\/solarus\/de\/unsere-projekte\/"]}]},{"@type":"BreadcrumbList","@id":"https:\/\/drei8.de\/solarus\/de\/unsere-projekte\/#breadcrumb","itemListElement":[{"@type":"ListItem","position":1,"name":"Strona g\u0142\u00f3wna","item":"https:\/\/drei8.de\/solarus\/en\/"},{"@type":"ListItem","position":2,"name":"UNSERE PROJEKTE"}]}]}},"_links":{"self":[{"href":"https:\/\/drei8.de\/solarus\/wp-json\/wp\/v2\/pages\/3187"}],"collection":[{"href":"https:\/\/drei8.de\/solarus\/wp-json\/wp\/v2\/pages"}],"about":[{"href":"https:\/\/drei8.de\/solarus\/wp-json\/wp\/v2\/types\/page"}],"author":[{"embeddable":true,"href":"https:\/\/drei8.de\/solarus\/wp-json\/wp\/v2\/users\/3"}],"replies":[{"embeddable":true,"href":"https:\/\/drei8.de\/solarus\/wp-json\/wp\/v2\/comments?post=3187"}],"version-history":[{"count":10,"href":"https:\/\/drei8.de\/solarus\/wp-json\/wp\/v2\/pages\/3187\/revisions"}],"predecessor-version":[{"id":3240,"href":"https:\/\/drei8.de\/solarus\/wp-json\/wp\/v2\/pages\/3187\/revisions\/3240"}],"wp:attachment":[{"href":"https:\/\/drei8.de\/solarus\/wp-json\/wp\/v2\/media?parent=3187"}],"curies":[{"name":"wp","href":"https:\/\/api.w.org\/{rel}","templated":true}]}}