{"id":3146,"date":"2023-10-19T10:34:04","date_gmt":"2023-10-19T10:34:04","guid":{"rendered":"https:\/\/drei8.de\/solarus\/?page_id=3146"},"modified":"2023-10-19T11:44:40","modified_gmt":"2023-10-19T11:44:40","slug":"photovoltaik-fur-die-landwirtschaft","status":"publish","type":"page","link":"https:\/\/drei8.de\/solarus\/de\/photovoltaik-fur-die-landwirtschaft\/","title":{"rendered":"Photovoltaik f\u00fcr die Landwirtschaft"},"content":{"rendered":"\t\t<div data-elementor-type=\"wp-page\" data-elementor-id=\"3146\" class=\"elementor elementor-3146\" data-elementor-settings=\"[]\">\n\t\t\t\t\t\t<div class=\"elementor-inner\">\n\t\t\t\t\t\t\t<div class=\"elementor-section-wrap\">\n\t\t\t\t\t\t\t<section class=\"elementor-section elementor-top-section elementor-element elementor-element-7318e109 elementor-section-boxed elementor-section-height-default elementor-section-height-default\" data-id=\"7318e109\" data-element_type=\"section\">\n\t\t\t\t\t\t<div class=\"elementor-container elementor-column-gap-default\">\n\t\t\t\t\t\t\t<div class=\"elementor-row\">\n\t\t\t\t\t<div class=\"elementor-column elementor-col-100 elementor-top-column elementor-element elementor-element-74bc82af\" data-id=\"74bc82af\" data-element_type=\"column\">\n\t\t\t<div class=\"elementor-column-wrap elementor-element-populated\">\n\t\t\t\t\t\t\t<div class=\"elementor-widget-wrap\">\n\t\t\t\t\t\t<div class=\"elementor-element elementor-element-269efd10 elementor-widget elementor-widget-spacer\" data-id=\"269efd10\" data-element_type=\"widget\" data-widget_type=\"spacer.default\">\n\t\t\t\t<div class=\"elementor-widget-container\">\n\t\t\t\t\t<div class=\"elementor-spacer\">\n\t\t\t<div class=\"elementor-spacer-inner\"><\/div>\n\t\t<\/div>\n\t\t\t\t<\/div>\n\t\t\t\t<\/div>\n\t\t\t\t\t\t<\/div>\n\t\t\t\t\t<\/div>\n\t\t<\/div>\n\t\t\t\t\t\t\t\t<\/div>\n\t\t\t\t\t<\/div>\n\t\t<\/section>\n\t\t\t\t<section class=\"elementor-section elementor-top-section elementor-element elementor-element-7449eb1c elementor-section-boxed elementor-section-height-default elementor-section-height-default\" data-id=\"7449eb1c\" data-element_type=\"section\">\n\t\t\t\t\t\t<div class=\"elementor-container elementor-column-gap-default\">\n\t\t\t\t\t\t\t<div class=\"elementor-row\">\n\t\t\t\t\t<div class=\"elementor-column elementor-col-100 elementor-top-column elementor-element elementor-element-426d6615\" data-id=\"426d6615\" data-element_type=\"column\">\n\t\t\t<div class=\"elementor-column-wrap elementor-element-populated\">\n\t\t\t\t\t\t\t<div class=\"elementor-widget-wrap\">\n\t\t\t\t\t\t<div class=\"elementor-element elementor-element-34e942a divider_yes elementor-widget elementor-widget-wgl-double-headings\" data-id=\"34e942a\" data-element_type=\"widget\" data-widget_type=\"wgl-double-headings.default\">\n\t\t\t\t<div class=\"elementor-widget-container\">\n\t\t\t<div class=\"wgl-double_heading acenter\"><div class=\"dbl-subtitle\"><span>Ausgew\u00e4hlte Projekte<\/span><\/div>\t\t\t\t<h3 class=\"dbl-title_wrapper\"><span class=\"dbl-title dbl-title_1\">Unsere neuesten Photovoltaik-Projekte f\u00fcr die Landwirtschaft<\/span> \t\t\t\t<\/h3><span class=\"dbl-title dbl-bg_text\">Portfolio<\/span> \t\t<\/div>\t\t<\/div>\n\t\t\t\t<\/div>\n\t\t\t\t<div class=\"elementor-element elementor-element-aeaaa46 elementor-widget elementor-widget-wp-widget-media_gallery\" data-id=\"aeaaa46\" data-element_type=\"widget\" data-widget_type=\"wp-widget-media_gallery.default\">\n\t\t\t\t<div class=\"elementor-widget-container\">\n\t\t\t<div class=\"wgl-elementor-widget widget virtus_widget widget_media_gallery\"><div class=\"widget-title\"><span class=\"widget-title_wrapper\">2<\/span><\/div>\n\t\t<style type=\"text\/css\">\n\t\t\t#gallery-1 {\n\t\t\t\tmargin: auto;\n\t\t\t}\n\t\t\t#gallery-1 .gallery-item {\n\t\t\t\tfloat: left;\n\t\t\t\tmargin-top: 10px;\n\t\t\t\ttext-align: center;\n\t\t\t\twidth: 33%;\n\t\t\t}\n\t\t\t#gallery-1 img {\n\t\t\t\tborder: 2px solid #cfcfcf;\n\t\t\t}\n\t\t\t#gallery-1 .gallery-caption {\n\t\t\t\tmargin-left: 0;\n\t\t\t}\n\t\t\t\/* see gallery_shortcode() in wp-includes\/media.php *\/\n\t\t<\/style>\n\t\t<div id='gallery-1' class='gallery galleryid-3146 gallery-columns-3 gallery-size-thumbnail'><dl class='gallery-item'>\n\t\t\t<dt class='gallery-icon landscape'>\n\t\t\t\t<a data-elementor-open-lightbox=\"yes\" data-elementor-lightbox-slideshow=\"aeaaa46\" data-elementor-lightbox-title=\"WhatsApp-Image-2021-04-13-at-15.42.57\" href='https:\/\/drei8.de\/solarus\/de\/whatsapp-image-2021-04-13-at-15-42-57-3\/'><img loading=\"lazy\" width=\"150\" height=\"150\" src=\"https:\/\/drei8.de\/solarus\/wp-content\/uploads\/2023\/10\/WhatsApp-Image-2021-04-13-at-15.42.57-150x150.jpeg\" class=\"attachment-thumbnail size-thumbnail\" alt=\"\" decoding=\"async\" srcset=\"https:\/\/drei8.de\/solarus\/wp-content\/uploads\/2023\/10\/WhatsApp-Image-2021-04-13-at-15.42.57-150x150.jpeg 150w, https:\/\/drei8.de\/solarus\/wp-content\/uploads\/2023\/10\/WhatsApp-Image-2021-04-13-at-15.42.57-440x440.jpeg 440w, https:\/\/drei8.de\/solarus\/wp-content\/uploads\/2023\/10\/WhatsApp-Image-2021-04-13-at-15.42.57-180x180.jpeg 180w, https:\/\/drei8.de\/solarus\/wp-content\/uploads\/2023\/10\/WhatsApp-Image-2021-04-13-at-15.42.57-120x120.jpeg 120w\" sizes=\"(max-width: 150px) 100vw, 150px\" \/><\/a>\n\t\t\t<\/dt><\/dl><dl class='gallery-item'>\n\t\t\t<dt class='gallery-icon landscape'>\n\t\t\t\t<a data-elementor-open-lightbox=\"yes\" data-elementor-lightbox-slideshow=\"aeaaa46\" data-elementor-lightbox-title=\"20210419_182026-scaled\" href='https:\/\/drei8.de\/solarus\/de\/20210419_182026-scaled\/'><img loading=\"lazy\" width=\"150\" height=\"150\" src=\"https:\/\/drei8.de\/solarus\/wp-content\/uploads\/2023\/10\/20210419_182026-scaled-1-150x150.jpg\" class=\"attachment-thumbnail size-thumbnail\" alt=\"\" decoding=\"async\" srcset=\"https:\/\/drei8.de\/solarus\/wp-content\/uploads\/2023\/10\/20210419_182026-scaled-1-150x150.jpg 150w, https:\/\/drei8.de\/solarus\/wp-content\/uploads\/2023\/10\/20210419_182026-scaled-1-440x440.jpg 440w, https:\/\/drei8.de\/solarus\/wp-content\/uploads\/2023\/10\/20210419_182026-scaled-1-180x180.jpg 180w, https:\/\/drei8.de\/solarus\/wp-content\/uploads\/2023\/10\/20210419_182026-scaled-1-120x120.jpg 120w\" sizes=\"(max-width: 150px) 100vw, 150px\" \/><\/a>\n\t\t\t<\/dt><\/dl><dl class='gallery-item'>\n\t\t\t<dt class='gallery-icon landscape'>\n\t\t\t\t<a data-elementor-open-lightbox=\"yes\" data-elementor-lightbox-slideshow=\"aeaaa46\" data-elementor-lightbox-title=\"20210318_094501-scaled\" href='https:\/\/drei8.de\/solarus\/de\/20210318_094501-scaled\/'><img loading=\"lazy\" width=\"150\" height=\"150\" src=\"https:\/\/drei8.de\/solarus\/wp-content\/uploads\/2023\/10\/20210318_094501-scaled-2-150x150.jpg\" class=\"attachment-thumbnail size-thumbnail\" alt=\"\" decoding=\"async\" srcset=\"https:\/\/drei8.de\/solarus\/wp-content\/uploads\/2023\/10\/20210318_094501-scaled-2-150x150.jpg 150w, https:\/\/drei8.de\/solarus\/wp-content\/uploads\/2023\/10\/20210318_094501-scaled-2-440x440.jpg 440w, https:\/\/drei8.de\/solarus\/wp-content\/uploads\/2023\/10\/20210318_094501-scaled-2-180x180.jpg 180w, https:\/\/drei8.de\/solarus\/wp-content\/uploads\/2023\/10\/20210318_094501-scaled-2-120x120.jpg 120w\" sizes=\"(max-width: 150px) 100vw, 150px\" \/><\/a>\n\t\t\t<\/dt><\/dl><br style=\"clear: both\" \/><dl class='gallery-item'>\n\t\t\t<dt class='gallery-icon landscape'>\n\t\t\t\t<a data-elementor-open-lightbox=\"yes\" data-elementor-lightbox-slideshow=\"aeaaa46\" data-elementor-lightbox-title=\"20210224_171127-scaled\" href='https:\/\/drei8.de\/solarus\/de\/20210224_171127-scaled\/'><img loading=\"lazy\" width=\"150\" height=\"150\" src=\"https:\/\/drei8.de\/solarus\/wp-content\/uploads\/2023\/10\/20210224_171127-scaled-1-150x150.jpg\" class=\"attachment-thumbnail size-thumbnail\" alt=\"\" decoding=\"async\" srcset=\"https:\/\/drei8.de\/solarus\/wp-content\/uploads\/2023\/10\/20210224_171127-scaled-1-150x150.jpg 150w, https:\/\/drei8.de\/solarus\/wp-content\/uploads\/2023\/10\/20210224_171127-scaled-1-440x440.jpg 440w, https:\/\/drei8.de\/solarus\/wp-content\/uploads\/2023\/10\/20210224_171127-scaled-1-180x180.jpg 180w, https:\/\/drei8.de\/solarus\/wp-content\/uploads\/2023\/10\/20210224_171127-scaled-1-120x120.jpg 120w\" sizes=\"(max-width: 150px) 100vw, 150px\" \/><\/a>\n\t\t\t<\/dt><\/dl><dl class='gallery-item'>\n\t\t\t<dt class='gallery-icon landscape'>\n\t\t\t\t<a data-elementor-open-lightbox=\"yes\" data-elementor-lightbox-slideshow=\"aeaaa46\" data-elementor-lightbox-title=\"11\" href='https:\/\/drei8.de\/solarus\/de\/11-3\/'><img loading=\"lazy\" width=\"150\" height=\"150\" src=\"https:\/\/drei8.de\/solarus\/wp-content\/uploads\/2023\/10\/11-150x150.jpeg\" class=\"attachment-thumbnail size-thumbnail\" alt=\"\" decoding=\"async\" srcset=\"https:\/\/drei8.de\/solarus\/wp-content\/uploads\/2023\/10\/11-150x150.jpeg 150w, https:\/\/drei8.de\/solarus\/wp-content\/uploads\/2023\/10\/11-440x440.jpeg 440w, https:\/\/drei8.de\/solarus\/wp-content\/uploads\/2023\/10\/11-180x180.jpeg 180w, https:\/\/drei8.de\/solarus\/wp-content\/uploads\/2023\/10\/11-120x120.jpeg 120w\" sizes=\"(max-width: 150px) 100vw, 150px\" \/><\/a>\n\t\t\t<\/dt><\/dl><dl class='gallery-item'>\n\t\t\t<dt class='gallery-icon landscape'>\n\t\t\t\t<a data-elementor-open-lightbox=\"yes\" data-elementor-lightbox-slideshow=\"aeaaa46\" data-elementor-lightbox-title=\"7\" href='https:\/\/drei8.de\/solarus\/de\/7-3\/'><img loading=\"lazy\" width=\"150\" height=\"150\" src=\"https:\/\/drei8.de\/solarus\/wp-content\/uploads\/2023\/10\/7-150x150.jpeg\" class=\"attachment-thumbnail size-thumbnail\" alt=\"\" decoding=\"async\" srcset=\"https:\/\/drei8.de\/solarus\/wp-content\/uploads\/2023\/10\/7-150x150.jpeg 150w, https:\/\/drei8.de\/solarus\/wp-content\/uploads\/2023\/10\/7-440x440.jpeg 440w, https:\/\/drei8.de\/solarus\/wp-content\/uploads\/2023\/10\/7-180x180.jpeg 180w, https:\/\/drei8.de\/solarus\/wp-content\/uploads\/2023\/10\/7-120x120.jpeg 120w\" sizes=\"(max-width: 150px) 100vw, 150px\" \/><\/a>\n\t\t\t<\/dt><\/dl><br style=\"clear: both\" \/><dl class='gallery-item'>\n\t\t\t<dt class='gallery-icon landscape'>\n\t\t\t\t<a data-elementor-open-lightbox=\"yes\" data-elementor-lightbox-slideshow=\"aeaaa46\" data-elementor-lightbox-title=\"4\" href='https:\/\/drei8.de\/solarus\/de\/4-2\/'><img loading=\"lazy\" width=\"150\" height=\"150\" src=\"https:\/\/drei8.de\/solarus\/wp-content\/uploads\/2023\/10\/4-150x150.jpg\" class=\"attachment-thumbnail size-thumbnail\" alt=\"\" decoding=\"async\" srcset=\"https:\/\/drei8.de\/solarus\/wp-content\/uploads\/2023\/10\/4-150x150.jpg 150w, https:\/\/drei8.de\/solarus\/wp-content\/uploads\/2023\/10\/4-440x440.jpg 440w, https:\/\/drei8.de\/solarus\/wp-content\/uploads\/2023\/10\/4-180x180.jpg 180w, https:\/\/drei8.de\/solarus\/wp-content\/uploads\/2023\/10\/4-120x120.jpg 120w\" sizes=\"(max-width: 150px) 100vw, 150px\" \/><\/a>\n\t\t\t<\/dt><\/dl><dl class='gallery-item'>\n\t\t\t<dt class='gallery-icon landscape'>\n\t\t\t\t<a data-elementor-open-lightbox=\"yes\" data-elementor-lightbox-slideshow=\"aeaaa46\" data-elementor-lightbox-title=\"2\" href='https:\/\/drei8.de\/solarus\/de\/2-4\/'><img loading=\"lazy\" width=\"150\" height=\"150\" src=\"https:\/\/drei8.de\/solarus\/wp-content\/uploads\/2023\/10\/2-150x150.jpeg\" class=\"attachment-thumbnail size-thumbnail\" alt=\"\" decoding=\"async\" srcset=\"https:\/\/drei8.de\/solarus\/wp-content\/uploads\/2023\/10\/2-150x150.jpeg 150w, https:\/\/drei8.de\/solarus\/wp-content\/uploads\/2023\/10\/2-440x440.jpeg 440w, https:\/\/drei8.de\/solarus\/wp-content\/uploads\/2023\/10\/2-180x180.jpeg 180w, https:\/\/drei8.de\/solarus\/wp-content\/uploads\/2023\/10\/2-120x120.jpeg 120w\" sizes=\"(max-width: 150px) 100vw, 150px\" \/><\/a>\n\t\t\t<\/dt><\/dl>\n\t\t\t<br style='clear: both' \/>\n\t\t<\/div>\n<\/div>\t\t<\/div>\n\t\t\t\t<\/div>\n\t\t\t\t<div class=\"elementor-element elementor-element-5eb5c61 elementor-widget elementor-widget-wp-widget-media_gallery\" data-id=\"5eb5c61\" data-element_type=\"widget\" data-widget_type=\"wp-widget-media_gallery.default\">\n\t\t\t\t<div class=\"elementor-widget-container\">\n\t\t\t<div class=\"wgl-elementor-widget widget virtus_widget widget_media_gallery\"><div class=\"widget-title\"><span class=\"widget-title_wrapper\">1<\/span><\/div>\n\t\t<style type=\"text\/css\">\n\t\t\t#gallery-2 {\n\t\t\t\tmargin: auto;\n\t\t\t}\n\t\t\t#gallery-2 .gallery-item {\n\t\t\t\tfloat: left;\n\t\t\t\tmargin-top: 10px;\n\t\t\t\ttext-align: center;\n\t\t\t\twidth: 33%;\n\t\t\t}\n\t\t\t#gallery-2 img {\n\t\t\t\tborder: 2px solid #cfcfcf;\n\t\t\t}\n\t\t\t#gallery-2 .gallery-caption {\n\t\t\t\tmargin-left: 0;\n\t\t\t}\n\t\t\t\/* see gallery_shortcode() in wp-includes\/media.php *\/\n\t\t<\/style>\n\t\t<div id='gallery-2' class='gallery galleryid-3146 gallery-columns-3 gallery-size-thumbnail'><dl class='gallery-item'>\n\t\t\t<dt class='gallery-icon landscape'>\n\t\t\t\t<a data-elementor-open-lightbox=\"yes\" data-elementor-lightbox-slideshow=\"5eb5c61\" data-elementor-lightbox-title=\"4\" href='https:\/\/drei8.de\/solarus\/de\/4-3\/'><img loading=\"lazy\" width=\"150\" height=\"150\" src=\"https:\/\/drei8.de\/solarus\/wp-content\/uploads\/2023\/10\/4-1-150x150.jpg\" class=\"attachment-thumbnail size-thumbnail\" alt=\"\" decoding=\"async\" srcset=\"https:\/\/drei8.de\/solarus\/wp-content\/uploads\/2023\/10\/4-1-150x150.jpg 150w, https:\/\/drei8.de\/solarus\/wp-content\/uploads\/2023\/10\/4-1-440x440.jpg 440w, https:\/\/drei8.de\/solarus\/wp-content\/uploads\/2023\/10\/4-1-180x180.jpg 180w, https:\/\/drei8.de\/solarus\/wp-content\/uploads\/2023\/10\/4-1-120x120.jpg 120w\" sizes=\"(max-width: 150px) 100vw, 150px\" \/><\/a>\n\t\t\t<\/dt><\/dl><dl class='gallery-item'>\n\t\t\t<dt class='gallery-icon landscape'>\n\t\t\t\t<a data-elementor-open-lightbox=\"yes\" data-elementor-lightbox-slideshow=\"5eb5c61\" data-elementor-lightbox-title=\"20210224_171127-scaled\" href='https:\/\/drei8.de\/solarus\/de\/20210224_171127-scaled-2\/'><img loading=\"lazy\" width=\"150\" height=\"150\" src=\"https:\/\/drei8.de\/solarus\/wp-content\/uploads\/2023\/10\/20210224_171127-scaled-2-150x150.jpg\" class=\"attachment-thumbnail size-thumbnail\" alt=\"\" decoding=\"async\" srcset=\"https:\/\/drei8.de\/solarus\/wp-content\/uploads\/2023\/10\/20210224_171127-scaled-2-150x150.jpg 150w, https:\/\/drei8.de\/solarus\/wp-content\/uploads\/2023\/10\/20210224_171127-scaled-2-440x440.jpg 440w, https:\/\/drei8.de\/solarus\/wp-content\/uploads\/2023\/10\/20210224_171127-scaled-2-180x180.jpg 180w, https:\/\/drei8.de\/solarus\/wp-content\/uploads\/2023\/10\/20210224_171127-scaled-2-120x120.jpg 120w\" sizes=\"(max-width: 150px) 100vw, 150px\" \/><\/a>\n\t\t\t<\/dt><\/dl><dl class='gallery-item'>\n\t\t\t<dt class='gallery-icon landscape'>\n\t\t\t\t<a data-elementor-open-lightbox=\"yes\" data-elementor-lightbox-slideshow=\"5eb5c61\" data-elementor-lightbox-title=\"20210309_103949-scaled\" href='https:\/\/drei8.de\/solarus\/de\/20210309_103949-scaled\/'><img loading=\"lazy\" width=\"150\" height=\"150\" src=\"https:\/\/drei8.de\/solarus\/wp-content\/uploads\/2023\/10\/20210309_103949-scaled-1-150x150.jpg\" class=\"attachment-thumbnail size-thumbnail\" alt=\"\" decoding=\"async\" srcset=\"https:\/\/drei8.de\/solarus\/wp-content\/uploads\/2023\/10\/20210309_103949-scaled-1-150x150.jpg 150w, https:\/\/drei8.de\/solarus\/wp-content\/uploads\/2023\/10\/20210309_103949-scaled-1-440x440.jpg 440w, https:\/\/drei8.de\/solarus\/wp-content\/uploads\/2023\/10\/20210309_103949-scaled-1-180x180.jpg 180w, https:\/\/drei8.de\/solarus\/wp-content\/uploads\/2023\/10\/20210309_103949-scaled-1-120x120.jpg 120w\" sizes=\"(max-width: 150px) 100vw, 150px\" \/><\/a>\n\t\t\t<\/dt><\/dl><br style=\"clear: both\" \/><dl class='gallery-item'>\n\t\t\t<dt class='gallery-icon landscape'>\n\t\t\t\t<a data-elementor-open-lightbox=\"yes\" data-elementor-lightbox-slideshow=\"5eb5c61\" data-elementor-lightbox-title=\"WhatsApp-Image-2021-05-04-at-16.57.46\" href='https:\/\/drei8.de\/solarus\/de\/whatsapp-image-2021-05-04-at-16-57-46-3\/'><img loading=\"lazy\" width=\"150\" height=\"150\" src=\"https:\/\/drei8.de\/solarus\/wp-content\/uploads\/2023\/10\/WhatsApp-Image-2021-05-04-at-16.57.46-150x150.jpeg\" class=\"attachment-thumbnail size-thumbnail\" alt=\"\" decoding=\"async\" srcset=\"https:\/\/drei8.de\/solarus\/wp-content\/uploads\/2023\/10\/WhatsApp-Image-2021-05-04-at-16.57.46-150x150.jpeg 150w, https:\/\/drei8.de\/solarus\/wp-content\/uploads\/2023\/10\/WhatsApp-Image-2021-05-04-at-16.57.46-440x440.jpeg 440w, https:\/\/drei8.de\/solarus\/wp-content\/uploads\/2023\/10\/WhatsApp-Image-2021-05-04-at-16.57.46-180x180.jpeg 180w, https:\/\/drei8.de\/solarus\/wp-content\/uploads\/2023\/10\/WhatsApp-Image-2021-05-04-at-16.57.46-120x120.jpeg 120w\" sizes=\"(max-width: 150px) 100vw, 150px\" \/><\/a>\n\t\t\t<\/dt><\/dl><dl class='gallery-item'>\n\t\t\t<dt class='gallery-icon landscape'>\n\t\t\t\t<a data-elementor-open-lightbox=\"yes\" data-elementor-lightbox-slideshow=\"5eb5c61\" data-elementor-lightbox-title=\"WhatsApp-Image-2021-05-05-at-18.33.13\" href='https:\/\/drei8.de\/solarus\/de\/whatsapp-image-2021-05-05-at-18-33-13-3\/'><img loading=\"lazy\" width=\"150\" height=\"150\" src=\"https:\/\/drei8.de\/solarus\/wp-content\/uploads\/2023\/10\/WhatsApp-Image-2021-05-05-at-18.33.13-150x150.jpeg\" class=\"attachment-thumbnail size-thumbnail\" alt=\"\" decoding=\"async\" srcset=\"https:\/\/drei8.de\/solarus\/wp-content\/uploads\/2023\/10\/WhatsApp-Image-2021-05-05-at-18.33.13-150x150.jpeg 150w, https:\/\/drei8.de\/solarus\/wp-content\/uploads\/2023\/10\/WhatsApp-Image-2021-05-05-at-18.33.13-440x440.jpeg 440w, https:\/\/drei8.de\/solarus\/wp-content\/uploads\/2023\/10\/WhatsApp-Image-2021-05-05-at-18.33.13-180x180.jpeg 180w, https:\/\/drei8.de\/solarus\/wp-content\/uploads\/2023\/10\/WhatsApp-Image-2021-05-05-at-18.33.13-120x120.jpeg 120w\" sizes=\"(max-width: 150px) 100vw, 150px\" \/><\/a>\n\t\t\t<\/dt><\/dl><dl class='gallery-item'>\n\t\t\t<dt class='gallery-icon landscape'>\n\t\t\t\t<a data-elementor-open-lightbox=\"yes\" data-elementor-lightbox-slideshow=\"5eb5c61\" data-elementor-lightbox-title=\"WhatsApp-Image-2021-05-11-at-16.13.40\" href='https:\/\/drei8.de\/solarus\/de\/whatsapp-image-2021-05-11-at-16-13-40-2\/'><img loading=\"lazy\" width=\"150\" height=\"150\" src=\"https:\/\/drei8.de\/solarus\/wp-content\/uploads\/2023\/10\/WhatsApp-Image-2021-05-11-at-16.13.40-150x150.jpeg\" class=\"attachment-thumbnail size-thumbnail\" alt=\"\" decoding=\"async\" srcset=\"https:\/\/drei8.de\/solarus\/wp-content\/uploads\/2023\/10\/WhatsApp-Image-2021-05-11-at-16.13.40-150x150.jpeg 150w, https:\/\/drei8.de\/solarus\/wp-content\/uploads\/2023\/10\/WhatsApp-Image-2021-05-11-at-16.13.40-440x440.jpeg 440w, https:\/\/drei8.de\/solarus\/wp-content\/uploads\/2023\/10\/WhatsApp-Image-2021-05-11-at-16.13.40-180x180.jpeg 180w, https:\/\/drei8.de\/solarus\/wp-content\/uploads\/2023\/10\/WhatsApp-Image-2021-05-11-at-16.13.40-120x120.jpeg 120w\" sizes=\"(max-width: 150px) 100vw, 150px\" \/><\/a>\n\t\t\t<\/dt><\/dl><br style=\"clear: both\" \/><dl class='gallery-item'>\n\t\t\t<dt class='gallery-icon landscape'>\n\t\t\t\t<a data-elementor-open-lightbox=\"yes\" data-elementor-lightbox-slideshow=\"5eb5c61\" data-elementor-lightbox-title=\"WhatsApp-Image-2021-05-12-at-08.47.19\" href='https:\/\/drei8.de\/solarus\/de\/whatsapp-image-2021-05-12-at-08-47-19-2\/'><img loading=\"lazy\" width=\"150\" height=\"150\" src=\"https:\/\/drei8.de\/solarus\/wp-content\/uploads\/2023\/10\/WhatsApp-Image-2021-05-12-at-08.47.19-150x150.jpeg\" class=\"attachment-thumbnail size-thumbnail\" alt=\"\" decoding=\"async\" srcset=\"https:\/\/drei8.de\/solarus\/wp-content\/uploads\/2023\/10\/WhatsApp-Image-2021-05-12-at-08.47.19-150x150.jpeg 150w, https:\/\/drei8.de\/solarus\/wp-content\/uploads\/2023\/10\/WhatsApp-Image-2021-05-12-at-08.47.19-440x440.jpeg 440w, https:\/\/drei8.de\/solarus\/wp-content\/uploads\/2023\/10\/WhatsApp-Image-2021-05-12-at-08.47.19-180x180.jpeg 180w, https:\/\/drei8.de\/solarus\/wp-content\/uploads\/2023\/10\/WhatsApp-Image-2021-05-12-at-08.47.19-120x120.jpeg 120w\" sizes=\"(max-width: 150px) 100vw, 150px\" \/><\/a>\n\t\t\t<\/dt><\/dl>\n\t\t\t<br style='clear: both' \/>\n\t\t<\/div>\n<\/div>\t\t<\/div>\n\t\t\t\t<\/div>\n\t\t\t\t\t\t<\/div>\n\t\t\t\t\t<\/div>\n\t\t<\/div>\n\t\t\t\t\t\t\t\t<\/div>\n\t\t\t\t\t<\/div>\n\t\t<\/section>\n\t\t\t\t\t\t<\/div>\n\t\t\t\t\t\t<\/div>\n\t\t\t\t\t<\/div>\n\t\t","protected":false},"excerpt":{"rendered":"<p>Ausgew\u00e4hlte Projekte Unsere neuesten Photovoltaik-Projekte f\u00fcr die Landwirtschaft Portfolio<\/p>\n","protected":false},"author":3,"featured_media":0,"parent":0,"menu_order":0,"comment_status":"closed","ping_status":"closed","template":"","meta":{"footnotes":""},"yoast_head":"<!-- This site is optimized with the Yoast SEO plugin v17.1 - https:\/\/yoast.com\/wordpress\/plugins\/seo\/ -->\n<title>Photovoltaik f\u00fcr die Landwirtschaft - Drei8<\/title>\n<meta name=\"robots\" content=\"index, follow, max-snippet:-1, max-image-preview:large, max-video-preview:-1\" \/>\n<link rel=\"canonical\" href=\"https:\/\/drei8.de\/solarus\/de\/photovoltaik-fur-die-landwirtschaft\/\" \/>\n<meta property=\"og:locale\" content=\"pl_PL\" \/>\n<meta property=\"og:type\" content=\"article\" \/>\n<meta property=\"og:title\" content=\"Photovoltaik f\u00fcr die Landwirtschaft - Drei8\" \/>\n<meta property=\"og:description\" content=\"Ausgew\u00e4hlte Projekte Unsere neuesten Photovoltaik-Projekte f\u00fcr die Landwirtschaft Portfolio\" \/>\n<meta property=\"og:url\" content=\"https:\/\/drei8.de\/solarus\/de\/photovoltaik-fur-die-landwirtschaft\/\" \/>\n<meta property=\"og:site_name\" content=\"Drei8\" \/>\n<meta property=\"article:modified_time\" content=\"2023-10-19T11:44:40+00:00\" \/>\n<meta name=\"twitter:card\" content=\"summary_large_image\" \/>\n<script type=\"application\/ld+json\" class=\"yoast-schema-graph\">{\"@context\":\"https:\/\/schema.org\",\"@graph\":[{\"@type\":\"WebSite\",\"@id\":\"https:\/\/drei8.de\/solarus\/#website\",\"url\":\"https:\/\/drei8.de\/solarus\/\",\"name\":\"Drei8\",\"description\":\"\",\"potentialAction\":[{\"@type\":\"SearchAction\",\"target\":{\"@type\":\"EntryPoint\",\"urlTemplate\":\"https:\/\/drei8.de\/solarus\/?s={search_term_string}\"},\"query-input\":\"required name=search_term_string\"}],\"inLanguage\":\"pl-PL\"},{\"@type\":\"WebPage\",\"@id\":\"https:\/\/drei8.de\/solarus\/de\/photovoltaik-fur-die-landwirtschaft\/#webpage\",\"url\":\"https:\/\/drei8.de\/solarus\/de\/photovoltaik-fur-die-landwirtschaft\/\",\"name\":\"Photovoltaik f\\u00fcr die Landwirtschaft - Drei8\",\"isPartOf\":{\"@id\":\"https:\/\/drei8.de\/solarus\/#website\"},\"datePublished\":\"2023-10-19T10:34:04+00:00\",\"dateModified\":\"2023-10-19T11:44:40+00:00\",\"breadcrumb\":{\"@id\":\"https:\/\/drei8.de\/solarus\/de\/photovoltaik-fur-die-landwirtschaft\/#breadcrumb\"},\"inLanguage\":\"pl-PL\",\"potentialAction\":[{\"@type\":\"ReadAction\",\"target\":[\"https:\/\/drei8.de\/solarus\/de\/photovoltaik-fur-die-landwirtschaft\/\"]}]},{\"@type\":\"BreadcrumbList\",\"@id\":\"https:\/\/drei8.de\/solarus\/de\/photovoltaik-fur-die-landwirtschaft\/#breadcrumb\",\"itemListElement\":[{\"@type\":\"ListItem\",\"position\":1,\"name\":\"Strona g\\u0142\\u00f3wna\",\"item\":\"https:\/\/drei8.de\/solarus\/en\/\"},{\"@type\":\"ListItem\",\"position\":2,\"name\":\"Photovoltaik f\\u00fcr die Landwirtschaft\"}]}]}<\/script>\n<!-- \/ Yoast SEO plugin. -->","yoast_head_json":{"title":"Photovoltaik f\u00fcr die Landwirtschaft - Drei8","robots":{"index":"index","follow":"follow","max-snippet":"max-snippet:-1","max-image-preview":"max-image-preview:large","max-video-preview":"max-video-preview:-1"},"canonical":"https:\/\/drei8.de\/solarus\/de\/photovoltaik-fur-die-landwirtschaft\/","og_locale":"pl_PL","og_type":"article","og_title":"Photovoltaik f\u00fcr die Landwirtschaft - Drei8","og_description":"Ausgew\u00e4hlte Projekte Unsere neuesten Photovoltaik-Projekte f\u00fcr die Landwirtschaft Portfolio","og_url":"https:\/\/drei8.de\/solarus\/de\/photovoltaik-fur-die-landwirtschaft\/","og_site_name":"Drei8","article_modified_time":"2023-10-19T11:44:40+00:00","twitter_card":"summary_large_image","schema":{"@context":"https:\/\/schema.org","@graph":[{"@type":"WebSite","@id":"https:\/\/drei8.de\/solarus\/#website","url":"https:\/\/drei8.de\/solarus\/","name":"Drei8","description":"","potentialAction":[{"@type":"SearchAction","target":{"@type":"EntryPoint","urlTemplate":"https:\/\/drei8.de\/solarus\/?s={search_term_string}"},"query-input":"required name=search_term_string"}],"inLanguage":"pl-PL"},{"@type":"WebPage","@id":"https:\/\/drei8.de\/solarus\/de\/photovoltaik-fur-die-landwirtschaft\/#webpage","url":"https:\/\/drei8.de\/solarus\/de\/photovoltaik-fur-die-landwirtschaft\/","name":"Photovoltaik f\u00fcr die Landwirtschaft - Drei8","isPartOf":{"@id":"https:\/\/drei8.de\/solarus\/#website"},"datePublished":"2023-10-19T10:34:04+00:00","dateModified":"2023-10-19T11:44:40+00:00","breadcrumb":{"@id":"https:\/\/drei8.de\/solarus\/de\/photovoltaik-fur-die-landwirtschaft\/#breadcrumb"},"inLanguage":"pl-PL","potentialAction":[{"@type":"ReadAction","target":["https:\/\/drei8.de\/solarus\/de\/photovoltaik-fur-die-landwirtschaft\/"]}]},{"@type":"BreadcrumbList","@id":"https:\/\/drei8.de\/solarus\/de\/photovoltaik-fur-die-landwirtschaft\/#breadcrumb","itemListElement":[{"@type":"ListItem","position":1,"name":"Strona g\u0142\u00f3wna","item":"https:\/\/drei8.de\/solarus\/en\/"},{"@type":"ListItem","position":2,"name":"Photovoltaik f\u00fcr die Landwirtschaft"}]}]}},"_links":{"self":[{"href":"https:\/\/drei8.de\/solarus\/wp-json\/wp\/v2\/pages\/3146"}],"collection":[{"href":"https:\/\/drei8.de\/solarus\/wp-json\/wp\/v2\/pages"}],"about":[{"href":"https:\/\/drei8.de\/solarus\/wp-json\/wp\/v2\/types\/page"}],"author":[{"embeddable":true,"href":"https:\/\/drei8.de\/solarus\/wp-json\/wp\/v2\/users\/3"}],"replies":[{"embeddable":true,"href":"https:\/\/drei8.de\/solarus\/wp-json\/wp\/v2\/comments?post=3146"}],"version-history":[{"count":10,"href":"https:\/\/drei8.de\/solarus\/wp-json\/wp\/v2\/pages\/3146\/revisions"}],"predecessor-version":[{"id":3234,"href":"https:\/\/drei8.de\/solarus\/wp-json\/wp\/v2\/pages\/3146\/revisions\/3234"}],"wp:attachment":[{"href":"https:\/\/drei8.de\/solarus\/wp-json\/wp\/v2\/media?parent=3146"}],"curies":[{"name":"wp","href":"https:\/\/api.w.org\/{rel}","templated":true}]}}